{"id":22404,"date":"2024-07-01T22:43:43","date_gmt":"2024-07-01T22:43:43","guid":{"rendered":"https:\/\/danaguado.com\/nuestro-metodo\/"},"modified":"2024-09-03T16:53:28","modified_gmt":"2024-09-03T16:53:28","slug":"nuestro-metodo","status":"publish","type":"page","link":"https:\/\/danaguado.com\/es\/nuestro-metodo\/","title":{"rendered":"Nuestro M\u00e9todo"},"content":{"rendered":"\t\t<div data-elementor-type=\"wp-page\" data-elementor-id=\"22404\" class=\"elementor elementor-22404 elementor-22059\" data-elementor-post-type=\"page\">\n\t\t\t\t\t\t<section class=\"elementor-section elementor-top-section elementor-element elementor-element-afd2dc0 elementor-section-boxed elementor-section-height-default elementor-section-height-default sc_fly_static\" data-id=\"afd2dc0\" data-element_type=\"section\">\n\t\t\t\t\t\t<div class=\"elementor-container elementor-column-gap-extended\">\n\t\t\t\t\t<div class=\"elementor-column elementor-col-50 elementor-top-column elementor-element elementor-element-d55cf00 sc_inner_width_none sc_content_align_inherit sc_layouts_column_icons_position_left sc_fly_static\" data-id=\"d55cf00\" data-element_type=\"column\">\n\t\t\t<div class=\"elementor-widget-wrap elementor-element-populated\">\n\t\t\t\t\t\t<div class=\"elementor-element elementor-element-ba1d1c7 elementor-widget__width-initial sc_fly_static elementor-widget elementor-widget-trx_sc_title\" data-id=\"ba1d1c7\" data-element_type=\"widget\" data-widget_type=\"trx_sc_title.default\">\n\t\t\t\t<div class=\"elementor-widget-container\">\n\t\t\t<div\t\tclass=\"sc_title sc_title_default\" ><span class=\"sc_item_subtitle sc_title_subtitle sc_item_subtitle_above sc_item_title_style_default sc_item_subtitle_with_custom_color trx_addons_inline_1732499921\">Creative team<\/span><h2 class=\"sc_item_title sc_title_title sc_item_title_style_default sc_item_title_tag\"\n\t\t\t><span class=\"sc_item_title_text\">Descubre nuevos horizontes de inversi\u00f3n con seguridad en el para\u00edso de la Riviera Maya<\/span><\/h2><div class=\"sc_item_descr sc_title_descr sc_item_descr_with_custom_color trx_addons_inline_278801720\"><p>Bienvenido a Horizon Invest'\u00c9lite, un m\u00e9todo de inversi\u00f3n inmobiliaria nacido de mi experiencia personal y perfeccionado con el tiempo.<\/p>\n<p>Desafiando los miedos comunes, decid\u00ed invertir en un lugar que traspasaba fronteras, un lugar tan lejano como M\u00e9xico, espec\u00edficamente en la Riviera Maya.  Este destino a menudo infunde temor por preocupaciones sobre seguridad y estafas. Busqu\u00e9 asesores pero no encontr\u00e9 nada que me hiciera sentir confiado o que me dieran un asesoramiento 360 \u00b0 de alta calidad jur\u00eddico, fiscal, sucesoral\u2026.<\/p>\n<p>Sin embargo, mi determinaci\u00f3n me llev\u00f3 a seguir explorando nuevas oportunidades y horizontes en este vibrante destino por m\u00ed mismo.Despu\u00e9s de enfrentar los desaf\u00edos de invertir en un mercado tan din\u00e1mico y desconocido, comprend\u00ed la importancia de contar con una gu\u00eda confiable.<\/p>\n<\/div><\/div>\t\t<\/div>\n\t\t\t\t<\/div>\n\t\t\t\t<div class=\"elementor-element elementor-element-1b8b4e4b sc_fly_static elementor-widget elementor-widget-spacer\" data-id=\"1b8b4e4b\" data-element_type=\"widget\" data-widget_type=\"spacer.default\">\n\t\t\t\t<div class=\"elementor-widget-container\">\n\t\t\t\t\t<div class=\"elementor-spacer\">\n\t\t\t<div class=\"elementor-spacer-inner\"><\/div>\n\t\t<\/div>\n\t\t\t\t<\/div>\n\t\t\t\t<\/div>\n\t\t\t\t\t<\/div>\n\t\t<\/div>\n\t\t\t\t<div class=\"elementor-column elementor-col-50 elementor-top-column elementor-element elementor-element-29be3b4 sc_inner_width_none sc_content_align_inherit sc_layouts_column_icons_position_left sc_fly_static\" data-id=\"29be3b4\" data-element_type=\"column\">\n\t\t\t<div class=\"elementor-widget-wrap elementor-element-populated\">\n\t\t\t\t\t\t<div class=\"elementor-element elementor-element-a87313f sc_fly_static elementor-widget elementor-widget-image\" data-id=\"a87313f\" data-element_type=\"widget\" data-widget_type=\"image.default\">\n\t\t\t\t<div class=\"elementor-widget-container\">\n\t\t\t\t\t\t\t\t\t\t\t\t\t<img fetchpriority=\"high\" decoding=\"async\" width=\"527\" height=\"627\" src=\"https:\/\/danaguado.com\/wp-content\/uploads\/2024\/08\/metodo-2.jpg\" class=\"attachment-full size-full wp-image-23139\" alt=\"\" srcset=\"https:\/\/danaguado.com\/wp-content\/uploads\/2024\/08\/metodo-2.jpg 527w, https:\/\/danaguado.com\/wp-content\/uploads\/2024\/08\/metodo-2-252x300.jpg 252w, https:\/\/danaguado.com\/wp-content\/uploads\/2024\/08\/metodo-2-370x440.jpg 370w, https:\/\/danaguado.com\/wp-content\/uploads\/2024\/08\/metodo-2-410x488.jpg 410w\" sizes=\"(max-width: 600px) 100vw, 527px\" \/>\t\t\t\t\t\t\t\t\t\t\t\t\t<\/div>\n\t\t\t\t<\/div>\n\t\t\t\t<div class=\"elementor-element elementor-element-b4d8694 elementor-widget__width-initial sc_fly_static elementor-widget elementor-widget-trx_sc_title\" data-id=\"b4d8694\" data-element_type=\"widget\" data-widget_type=\"trx_sc_title.default\">\n\t\t\t\t<div class=\"elementor-widget-container\">\n\t\t\t<div\t\tclass=\"sc_title sc_title_default\" ><div class=\"sc_item_descr sc_title_descr sc_item_descr_with_custom_color trx_addons_inline_1797308157\"><p>Es as\u00ed como decid\u00ed convertirme en ese gu\u00eda confiable. Refin\u00e9 y perfeccion\u00e9 este enfoque hasta convertirlo en una f\u00f3rmula ganadora. Ahora, este m\u00e9todo est\u00e1 disponible para inversores como t\u00fa, en busca de seguridad y rentabilidad en el extranjero.<br \/>\nHorizon Invest'\u00c9lite ha sido dise\u00f1ado meticulosamente para garantizar seguridad y rentabilidad en cada paso del proceso.<\/p>\n<\/div><\/div>\t\t<\/div>\n\t\t\t\t<\/div>\n\t\t\t\t\t<\/div>\n\t\t<\/div>\n\t\t\t\t\t<\/div>\n\t\t<\/section>\n\t\t\t\t<section class=\"elementor-section elementor-top-section elementor-element elementor-element-659aecd elementor-section-boxed elementor-section-height-default elementor-section-height-default sc_fly_static\" data-id=\"659aecd\" data-element_type=\"section\">\n\t\t\t\t\t\t<div class=\"elementor-container elementor-column-gap-extended\">\n\t\t\t\t\t<div class=\"elementor-column elementor-col-100 elementor-top-column elementor-element elementor-element-af5201f sc_inner_width_none sc_content_align_inherit sc_layouts_column_icons_position_left sc_fly_static\" data-id=\"af5201f\" data-element_type=\"column\">\n\t\t\t<div class=\"elementor-widget-wrap elementor-element-populated\">\n\t\t\t\t\t\t<div class=\"elementor-element elementor-element-38b0db7 sc_height_huge sc_fly_static elementor-widget elementor-widget-spacer\" data-id=\"38b0db7\" data-element_type=\"widget\" data-widget_type=\"spacer.default\">\n\t\t\t\t<div class=\"elementor-widget-container\">\n\t\t\t\t\t<div class=\"elementor-spacer\">\n\t\t\t<div class=\"elementor-spacer-inner\"><\/div>\n\t\t<\/div>\n\t\t\t\t<\/div>\n\t\t\t\t<\/div>\n\t\t\t\t\t<\/div>\n\t\t<\/div>\n\t\t\t\t\t<\/div>\n\t\t<\/section>\n\t\t\t\t<section class=\"elementor-section elementor-top-section elementor-element elementor-element-1f2e47d7 scheme_dark elementor-section-boxed elementor-section-height-default elementor-section-height-default sc_fly_static\" data-id=\"1f2e47d7\" data-element_type=\"section\" data-settings=\"{&quot;background_background&quot;:&quot;classic&quot;}\">\n\t\t\t\t\t\t<div class=\"elementor-container elementor-column-gap-extended\">\n\t\t\t\t\t<div class=\"elementor-column elementor-col-100 elementor-top-column elementor-element elementor-element-49ff82bc sc_content_align_left sc_layouts_column_align_left sc_layouts_column sc_inner_width_none sc_layouts_column_icons_position_left sc_fly_static\" data-id=\"49ff82bc\" data-element_type=\"column\">\n\t\t\t<div class=\"elementor-widget-wrap elementor-element-populated\">\n\t\t\t\t\t\t<div class=\"elementor-element elementor-element-284d633f sc_height_huge sc_fly_static elementor-widget elementor-widget-spacer\" data-id=\"284d633f\" data-element_type=\"widget\" data-widget_type=\"spacer.default\">\n\t\t\t\t<div class=\"elementor-widget-container\">\n\t\t\t\t\t<div class=\"elementor-spacer\">\n\t\t\t<div class=\"elementor-spacer-inner\"><\/div>\n\t\t<\/div>\n\t\t\t\t<\/div>\n\t\t\t\t<\/div>\n\t\t\t\t<section class=\"elementor-section elementor-inner-section elementor-element elementor-element-106c6c8d elementor-section-boxed elementor-section-height-default elementor-section-height-default sc_fly_static\" data-id=\"106c6c8d\" data-element_type=\"section\">\n\t\t\t\t\t\t<div class=\"elementor-container elementor-column-gap-no\">\n\t\t\t\t\t<div class=\"elementor-column elementor-col-50 elementor-inner-column elementor-element elementor-element-5afce329 sc_inner_width_none sc_content_align_inherit sc_layouts_column_icons_position_left sc_fly_static\" data-id=\"5afce329\" data-element_type=\"column\">\n\t\t\t<div class=\"elementor-widget-wrap elementor-element-populated\">\n\t\t\t\t\t\t<div class=\"elementor-element elementor-element-28757eb9 sc_fly_static elementor-widget elementor-widget-trx_sc_title\" data-id=\"28757eb9\" data-element_type=\"widget\" data-widget_type=\"trx_sc_title.default\">\n\t\t\t\t<div class=\"elementor-widget-container\">\n\t\t\t<div\t\tclass=\"sc_title sc_title_default\" ><span class=\"sc_item_subtitle sc_title_subtitle sc_item_subtitle_above sc_item_title_style_default\">Modern interiors<\/span><h2 class=\"sc_item_title sc_title_title sc_item_title_style_default sc_item_title_tag\"\n\t\t\t><span class=\"sc_item_title_text\">Las tres<br\/>\nvertientes.<\/span><\/h2><\/div>\t\t<\/div>\n\t\t\t\t<\/div>\n\t\t\t\t\t<\/div>\n\t\t<\/div>\n\t\t\t\t<div class=\"elementor-column elementor-col-50 elementor-inner-column elementor-element elementor-element-1210853f sc_inner_width_none sc_content_align_inherit sc_layouts_column_icons_position_left sc_fly_static\" data-id=\"1210853f\" data-element_type=\"column\">\n\t\t\t<div class=\"elementor-widget-wrap elementor-element-populated\">\n\t\t\t\t\t\t<div class=\"elementor-element elementor-element-6f441171 sc_height_small sc_fly_static elementor-widget elementor-widget-spacer\" data-id=\"6f441171\" data-element_type=\"widget\" data-widget_type=\"spacer.default\">\n\t\t\t\t<div class=\"elementor-widget-container\">\n\t\t\t\t\t<div class=\"elementor-spacer\">\n\t\t\t<div class=\"elementor-spacer-inner\"><\/div>\n\t\t<\/div>\n\t\t\t\t<\/div>\n\t\t\t\t<\/div>\n\t\t\t\t<div class=\"elementor-element elementor-element-26bcea2 elementor-widget__width-initial sc_fly_static elementor-widget elementor-widget-trx_sc_title\" data-id=\"26bcea2\" data-element_type=\"widget\" data-widget_type=\"trx_sc_title.default\">\n\t\t\t\t<div class=\"elementor-widget-container\">\n\t\t\t<div\t\tclass=\"sc_title sc_title_default\" ><div class=\"sc_item_descr sc_title_descr\"><p>El n\u00facleo de Horizon Invest'\u00c9lite radica en su enfoque integral de tres vertientes. \u00bfEst\u00e1s listo para llevar tus inversiones en el extranjero al siguiente nivel con mi m\u00e9todo Horizon Invest'\u00c9lite?<\/p>\n<\/div><\/div>\t\t<\/div>\n\t\t\t\t<\/div>\n\t\t\t\t\t<\/div>\n\t\t<\/div>\n\t\t\t\t\t<\/div>\n\t\t<\/section>\n\t\t\t\t<div class=\"elementor-element elementor-element-67159911 sc_fly_static elementor-widget elementor-widget-spacer\" data-id=\"67159911\" data-element_type=\"widget\" data-widget_type=\"spacer.default\">\n\t\t\t\t<div class=\"elementor-widget-container\">\n\t\t\t\t\t<div class=\"elementor-spacer\">\n\t\t\t<div class=\"elementor-spacer-inner\"><\/div>\n\t\t<\/div>\n\t\t\t\t<\/div>\n\t\t\t\t<\/div>\n\t\t\t\t\t<\/div>\n\t\t<\/div>\n\t\t\t\t\t<\/div>\n\t\t<\/section>\n\t\t\t\t<section class=\"elementor-section elementor-top-section elementor-element elementor-element-a39c824 method-box elementor-section-full_width elementor-section-height-default elementor-section-height-default sc_fly_static\" data-id=\"a39c824\" data-element_type=\"section\" data-settings=\"{&quot;background_background&quot;:&quot;classic&quot;}\">\n\t\t\t\t\t\t<div class=\"elementor-container elementor-column-gap-extended\">\n\t\t\t\t\t<div class=\"elementor-column elementor-col-100 elementor-top-column elementor-element elementor-element-41a4816 sc_inner_width_none sc_content_align_inherit sc_layouts_column_icons_position_left sc_fly_static\" data-id=\"41a4816\" data-element_type=\"column\">\n\t\t\t<div class=\"elementor-widget-wrap elementor-element-populated\">\n\t\t\t\t\t\t<div class=\"elementor-element elementor-element-7682eb2 sc_fly_static elementor-widget elementor-widget-trx_sc_services\" data-id=\"7682eb2\" data-element_type=\"widget\" data-widget_type=\"trx_sc_services.default\">\n\t\t\t\t<div class=\"elementor-widget-container\">\n\t\t\t<div class=\"sc_services sc_services_alter sc_services_featured_top\"><div class=\"sc_services_columns_wrap sc_item_columns sc_item_posts_container sc_item_columns_3 trx_addons_columns_wrap columns_padding_bottom columns_in_single_row\"><div class=\"trx_addons_column-1_3\"><div data-post-id=\"22540\" class=\"sc_services_item sc_item_container post_container no_links with_content with_image sc_services_item_featured_top post-22540 cpt_services type-cpt_services status-publish has-post-thumbnail hentry cpt_services_group-awards-es\" data-item-number=\"1\"\n>\n\t<div class=\"post_featured with_thumb hover_link sc_services_item_thumb\"><img decoding=\"async\" width=\"890\" height=\"664\" src=\"https:\/\/danaguado.com\/wp-content\/uploads\/2024\/09\/iStock-1051303198-890x664.jpg\" class=\"attachment-corbesier-thumb-square size-corbesier-thumb-square wp-post-image\" alt=\"\" \/>\t\t\t\t\t\t<div class=\"mask\"><\/div>\n\t\t\t\t\t\t\t\t\t<a href=\"javascript:void(0)\"  aria-hidden=\"true\" class=\"link\"><\/a>\n\t\t\t<\/div>\t\n\t<div class=\"sc_services_item_info\">\n\t\t\t\t<div class=\"sc_services_item_header\">\n\t\t\t\t\t\t<h4 class=\"sc_services_item_title entry-title\">An\u00e1lisis integral del entorno<\/h4>\n            \t\t<\/div>\n\t\t                    <div class=\"sc_services_item_content\"><p>Abordamos el an\u00e1lisis de mercado y de los desarrolladores desde una perspectiva \u00fanica, priorizando la comprensi\u00f3n profunda del entorno en el que operamos.<br \/>\nNuestro enfoque integral en el panorama inmobiliario de la Riviera Maya garantiza seguridad y rentabilidad a largo plazo.<br \/>\nEvaluamos la oferta, la demanda, aspectos legales y propuestas de los desarrolladores para respaldar su inversi\u00f3n con proyectos de alta calidad y conformidad legal.<br \/>\nAdaptamos estrat\u00e9gicamente sus inversiones seg\u00fan las tendencias tur\u00edsticas y preferencias de arrendatarios, asegurando una ocupaci\u00f3n constante y satisfacci\u00f3n del cliente \u00f3ptima.<br \/>\nIdentificamos y promovemos los atributos \u00fanicos de cada proyecto para destacar en el mercado y fortalecer su rentabilidad a largo plazo.<br \/>\nEste enfoque integral te proporciona una experiencia de inversi\u00f3n inmobiliaria sin preocupaciones y altamente rentable. <\/p>\n<\/div><\/div>\n<\/div>\n<\/div><div class=\"trx_addons_column-1_3\"><div data-post-id=\"22541\" class=\"sc_services_item sc_item_container post_container no_links with_content with_image sc_services_item_featured_top post-22541 cpt_services type-cpt_services status-publish has-post-thumbnail hentry cpt_services_group-awards-es\" data-item-number=\"2\"\n>\n\t<div class=\"post_featured with_thumb hover_link sc_services_item_thumb\"><img decoding=\"async\" width=\"890\" height=\"664\" src=\"https:\/\/danaguado.com\/wp-content\/uploads\/2024\/09\/iStock-1369312542-890x664.jpg\" class=\"attachment-corbesier-thumb-square size-corbesier-thumb-square wp-post-image\" alt=\"\" \/>\t\t\t\t\t\t<div class=\"mask\"><\/div>\n\t\t\t\t\t\t\t\t\t<a href=\"javascript:void(0)\"  aria-hidden=\"true\" class=\"link\"><\/a>\n\t\t\t<\/div>\t\n\t<div class=\"sc_services_item_info\">\n\t\t\t\t<div class=\"sc_services_item_header\">\n\t\t\t\t\t\t<h4 class=\"sc_services_item_title entry-title\">An\u00e1lisis hol\u00edstico de los inversionistas<\/h4>\n            \t\t<\/div>\n\t\t                    <div class=\"sc_services_item_content\"><p>En Horizon Invest&#8217;\u00c9lite, no trabajamos con todos los inversionistas. Realizamos un riguroso proceso de selecci\u00f3n para asegurarnos de poder brindarte la mejor asesor\u00eda posible.<br \/>\nNuestros an\u00e1lisis de inversi\u00f3n se adaptan espec\u00edficamente a tus aspiraciones financieras, fiscales y sucesorias. Nos aseguramos de que cada proyecto inmobiliario en la Riviera Maya maximice tu rentabilidad de acuerdo con tus necesidades y objetivos individuales.<br \/>\nEntendemos tus preferencias y preocupaciones, gui\u00e1ndote hacia inversiones prometedoras que se alineen con tus requisitos personales. Esto garantiza no s\u00f3lo un retorno \u00f3ptimo, sino tambi\u00e9n seguridad e integridad en cada paso del camino.<br \/>\nNuestra evaluaci\u00f3n de tu estructura familiar y potencial de inversi\u00f3n es exhaustiva y transparente.<br \/>\nSi es necesario, te asesoramos sobre la creaci\u00f3n de entidades corporativas para una gesti\u00f3n patrimonial m\u00e1s eficiente y te orientamos con prudencia para evitar inversiones inoportunas.<\/p>\n<\/div><\/div>\n<\/div>\n<\/div><div class=\"trx_addons_column-1_3\"><div data-post-id=\"22542\" class=\"sc_services_item sc_item_container post_container no_links with_content with_image sc_services_item_featured_top post-22542 cpt_services type-cpt_services status-publish has-post-thumbnail hentry cpt_services_group-awards-es\" data-item-number=\"3\"\n>\n\t<div class=\"post_featured with_thumb hover_link sc_services_item_thumb\"><img loading=\"lazy\" decoding=\"async\" width=\"890\" height=\"664\" src=\"https:\/\/danaguado.com\/wp-content\/uploads\/2024\/09\/iStock-1301956672-890x664.jpg\" class=\"attachment-corbesier-thumb-square size-corbesier-thumb-square wp-post-image\" alt=\"\" \/>\t\t\t\t\t\t<div class=\"mask\"><\/div>\n\t\t\t\t\t\t\t\t\t<a href=\"javascript:void(0)\"  aria-hidden=\"true\" class=\"link\"><\/a>\n\t\t\t<\/div>\t\n\t<div class=\"sc_services_item_info\">\n\t\t\t\t<div class=\"sc_services_item_header\">\n\t\t\t\t\t\t<h4 class=\"sc_services_item_title entry-title\">Amplificaci\u00f3n de tu pensi\u00f3n para el retiro<\/h4>\n            \t\t<\/div>\n\t\t                    <div class=\"sc_services_item_content\"><p>En Horizon Invest&#8217;\u00c9lite, te ofrecemos un proceso especializado para reforzar tu pensi\u00f3n de retiro.<br \/>\nEsto se traduce para ti en la posibilidad de dejar de trabajar y disfrutar de una pensi\u00f3n neta m\u00ednima de 1200 USD mensuales.<br \/>\nAdem\u00e1s, nuestra estrategia \u00fanica est\u00e1 dise\u00f1ada para maximizar tu inversi\u00f3n, con el potencial de duplicarla en tan solo 6 a\u00f1os.<br \/>\nEsto significa que podr\u00e1s contar con una pensi\u00f3n m\u00e1s sustancial para disfrutar de tu retiro con total tranquilidad y seguridad financiera a largo plazo.<br \/>\n\u00bfEst\u00e1s listo para desafiar lo ordinario y llevar tus inversiones en el extranjero al siguiente nivel con Horizon Invest&#8217;\u00c9lite? <\/p>\n<p>\u00a1Es hora de explorar y prosperar en la Riviera Maya en esta desafiante e innovadora tierra en crecimiento constante!<\/p>\n<\/div><\/div>\n<\/div>\n<\/div><\/div><\/div>\t\t<\/div>\n\t\t\t\t<\/div>\n\t\t\t\t\t<\/div>\n\t\t<\/div>\n\t\t\t\t\t<\/div>\n\t\t<\/section>\n\t\t\t\t<section class=\"elementor-section elementor-inner-section elementor-element elementor-element-248bf35d scheme_dark elementor-section-boxed elementor-section-height-default elementor-section-height-default sc_fly_static\" data-id=\"248bf35d\" data-element_type=\"section\" data-settings=\"{&quot;background_background&quot;:&quot;classic&quot;}\">\n\t\t\t\t\t\t<div class=\"elementor-container elementor-column-gap-extended\">\n\t\t\t\t\t<div class=\"elementor-column elementor-col-33 elementor-inner-column elementor-element elementor-element-3e4073f0 sc_inner_width_none sc_content_align_inherit sc_layouts_column_icons_position_left sc_fly_static\" data-id=\"3e4073f0\" data-element_type=\"column\">\n\t\t\t<div class=\"elementor-widget-wrap elementor-element-populated\">\n\t\t\t\t\t\t<div class=\"elementor-element elementor-element-2e1a6951 elementor-widget__width-initial rentabilidad sc_fly_static elementor-widget elementor-widget-trx_sc_title\" data-id=\"2e1a6951\" data-element_type=\"widget\" data-widget_type=\"trx_sc_title.default\">\n\t\t\t\t<div class=\"elementor-widget-container\">\n\t\t\t<div\t\tclass=\"sc_title sc_title_default\" ><span class=\"sc_item_subtitle sc_title_subtitle sc_item_subtitle_above sc_item_title_style_default sc_item_subtitle_with_custom_color trx_addons_inline_303504207\">Un nuevo mundo de rentabilidad<\/span><h2 class=\"sc_item_title sc_title_title sc_item_title_style_default sc_item_title_tag\"\n\t\t\t><span class=\"sc_item_title_text\">Te invitamos a hacer este viaje juntos donde te guiaremos hasta este nuevo mundo de la rentabilidad con un proceso 100% seguro para ti y con unas ganancias seguras en el mercado.<\/span><\/h2><\/div>\t\t<\/div>\n\t\t\t\t<\/div>\n\t\t\t\t\t<\/div>\n\t\t<\/div>\n\t\t\t\t<div class=\"elementor-column elementor-col-66 elementor-inner-column elementor-element elementor-element-416f074e sc_inner_width_none sc_content_align_inherit sc_layouts_column_icons_position_left sc_fly_static\" data-id=\"416f074e\" data-element_type=\"column\">\n\t\t\t<div class=\"elementor-widget-wrap elementor-element-populated\">\n\t\t\t\t\t\t<div class=\"elementor-element elementor-element-c51eff8 sc_fly_static elementor-widget elementor-widget-spacer\" data-id=\"c51eff8\" data-element_type=\"widget\" data-widget_type=\"spacer.default\">\n\t\t\t\t<div class=\"elementor-widget-container\">\n\t\t\t\t\t<div class=\"elementor-spacer\">\n\t\t\t<div class=\"elementor-spacer-inner\"><\/div>\n\t\t<\/div>\n\t\t\t\t<\/div>\n\t\t\t\t<\/div>\n\t\t\t\t<div class=\"elementor-element elementor-element-2cc6dff sc_fly_static elementor-widget elementor-widget-trx_sc_icons\" data-id=\"2cc6dff\" data-element_type=\"widget\" data-widget_type=\"trx_sc_icons.default\">\n\t\t\t\t<div class=\"elementor-widget-container\">\n\t\t\t<div \tclass=\"sc_icons color_style_dark sc_icons_default sc_icons_size_large sc_align_left\" ><div class=\"sc_icons_columns_wrap sc_item_columns trx_addons_columns_wrap columns_padding_bottom columns_in_single_row\" ><div class=\"trx_addons_column-1_2\"><div class=\"sc_icons_item with_more\"><div class=\"sc_icons_item_details\"><div class=\"sc_icons_item_description\"><span>\u00a1Aqu\u00ed en M\u00e9xico, obtendr\u00e1s la rentabilidad que no podr\u00edas alcanzar en tu pa\u00eds de origen! <\/span><\/div><\/div><\/div><\/div><div class=\"trx_addons_column-1_2\"><div class=\"sc_icons_item with_more\"><div class=\"sc_icons_item_details\"><div class=\"sc_icons_item_description\"><span>\u00bfListo para dar el primer paso hacia tu inversi\u00f3n inmobiliaria y crecer tu patrimonio de manera segura y rentable? <\/span><\/div><\/div><\/div><\/div><\/div><\/div><!-- \/.sc_icons -->\t\t<\/div>\n\t\t\t\t<\/div>\n\t\t\t\t\t<\/div>\n\t\t<\/div>\n\t\t\t\t\t<\/div>\n\t\t<\/section>\n\t\t\t\t<section class=\"elementor-section elementor-top-section elementor-element elementor-element-3fb1f038 elementor-section-boxed elementor-section-height-default elementor-section-height-default sc_fly_static\" data-id=\"3fb1f038\" data-element_type=\"section\" data-settings=\"{&quot;background_background&quot;:&quot;classic&quot;}\">\n\t\t\t\t\t\t\t<div class=\"elementor-background-overlay\"><\/div>\n\t\t\t\t\t\t\t<div class=\"elementor-container elementor-column-gap-extended\">\n\t\t\t\t\t<div class=\"elementor-column elementor-col-100 elementor-top-column elementor-element elementor-element-37a8ddd7 sc_inner_width_none sc_content_align_inherit sc_layouts_column_icons_position_left sc_fly_static\" data-id=\"37a8ddd7\" data-element_type=\"column\">\n\t\t\t<div class=\"elementor-widget-wrap elementor-element-populated\">\n\t\t\t\t\t\t<div class=\"elementor-element elementor-element-4243082b sc_fly_static elementor-widget elementor-widget-heading\" data-id=\"4243082b\" data-element_type=\"widget\" data-widget_type=\"heading.default\">\n\t\t\t\t<div class=\"elementor-widget-container\">\n\t\t\t<h2 class=\"elementor-heading-title elementor-size-default\">Agenda tu cita con nosotros ahora<\/h2>\t\t<\/div>\n\t\t\t\t<\/div>\n\t\t\t\t<div class=\"elementor-element elementor-element-129a8247 elementor-align-center sc_fly_static elementor-widget elementor-widget-button\" data-id=\"129a8247\" data-element_type=\"widget\" data-widget_type=\"button.default\">\n\t\t\t\t<div class=\"elementor-widget-container\">\n\t\t\t\t\t\t\t<div class=\"elementor-button-wrapper\">\n\t\t\t\t\t<a class=\"elementor-button elementor-button-link elementor-size-sm\" href=\"https:\/\/landing.danaguado.com\/calendario\">\n\t\t\t\t\t\t<span class=\"elementor-button-content-wrapper\">\n\t\t\t\t\t\t\t\t\t<span class=\"elementor-button-text\">Agendar Cita<\/span>\n\t\t\t\t\t<\/span>\n\t\t\t\t\t<\/a>\n\t\t\t\t<\/div>\n\t\t\t\t\t\t<\/div>\n\t\t\t\t<\/div>\n\t\t\t\t\t<\/div>\n\t\t<\/div>\n\t\t\t\t\t<\/div>\n\t\t<\/section>\n\t\t\t\t<\/div>\n\t\t","protected":false},"excerpt":{"rendered":"<p>Creative team Descubre nuevos horizontes de inversi\u00f3n con seguridad en el para\u00edso de la Riviera Maya Bienvenido a Horizon Invest&#8217;\u00c9lite, un m\u00e9todo de inversi\u00f3n inmobiliaria nacido de mi experiencia personal&hellip;<\/p>\n","protected":false},"author":1,"featured_media":0,"parent":0,"menu_order":0,"comment_status":"closed","ping_status":"closed","template":"","meta":{"_monsterinsights_skip_tracking":false,"_monsterinsights_sitenote_active":false,"_monsterinsights_sitenote_note":"","_monsterinsights_sitenote_category":0,"footnotes":""},"class_list":["post-22404","page","type-page","status-publish","hentry"],"aioseo_notices":[],"_links":{"self":[{"href":"https:\/\/danaguado.com\/es\/wp-json\/wp\/v2\/pages\/22404","targetHints":{"allow":["GET"]}}],"collection":[{"href":"https:\/\/danaguado.com\/es\/wp-json\/wp\/v2\/pages"}],"about":[{"href":"https:\/\/danaguado.com\/es\/wp-json\/wp\/v2\/types\/page"}],"author":[{"embeddable":true,"href":"https:\/\/danaguado.com\/es\/wp-json\/wp\/v2\/users\/1"}],"replies":[{"embeddable":true,"href":"https:\/\/danaguado.com\/es\/wp-json\/wp\/v2\/comments?post=22404"}],"version-history":[{"count":25,"href":"https:\/\/danaguado.com\/es\/wp-json\/wp\/v2\/pages\/22404\/revisions"}],"predecessor-version":[{"id":23376,"href":"https:\/\/danaguado.com\/es\/wp-json\/wp\/v2\/pages\/22404\/revisions\/23376"}],"wp:attachment":[{"href":"https:\/\/danaguado.com\/es\/wp-json\/wp\/v2\/media?parent=22404"}],"curies":[{"name":"wp","href":"https:\/\/api.w.org\/{rel}","templated":true}]}}