{"id":22731,"date":"2024-07-24T22:31:22","date_gmt":"2024-07-24T22:31:22","guid":{"rendered":"https:\/\/danaguado.com\/?page_id=22731"},"modified":"2024-09-26T17:13:03","modified_gmt":"2024-09-26T17:13:03","slug":"eventos","status":"publish","type":"page","link":"https:\/\/danaguado.com\/es\/eventos\/","title":{"rendered":"Eventos"},"content":{"rendered":"\t\t<div data-elementor-type=\"wp-page\" data-elementor-id=\"22731\" class=\"elementor elementor-22731 elementor-22730\" data-elementor-post-type=\"page\">\n\t\t\t\t\t\t<section class=\"elementor-section elementor-top-section elementor-element elementor-element-1f2e47d7 scheme_dark elementor-section-boxed elementor-section-height-default elementor-section-height-default sc_fly_static\" data-id=\"1f2e47d7\" data-element_type=\"section\" data-settings=\"{&quot;background_background&quot;:&quot;classic&quot;}\">\n\t\t\t\t\t\t<div class=\"elementor-container elementor-column-gap-extended\">\n\t\t\t\t\t<div class=\"elementor-column elementor-col-100 elementor-top-column elementor-element elementor-element-49ff82bc sc_content_align_left sc_layouts_column_align_left sc_layouts_column sc_inner_width_none sc_layouts_column_icons_position_left sc_fly_static\" data-id=\"49ff82bc\" data-element_type=\"column\">\n\t\t\t<div class=\"elementor-widget-wrap elementor-element-populated\">\n\t\t\t\t\t\t<div class=\"elementor-element elementor-element-284d633f sc_height_huge sc_fly_static elementor-widget elementor-widget-spacer\" data-id=\"284d633f\" data-element_type=\"widget\" data-widget_type=\"spacer.default\">\n\t\t\t\t<div class=\"elementor-widget-container\">\n\t\t\t\t\t<div class=\"elementor-spacer\">\n\t\t\t<div class=\"elementor-spacer-inner\"><\/div>\n\t\t<\/div>\n\t\t\t\t<\/div>\n\t\t\t\t<\/div>\n\t\t\t\t<section class=\"elementor-section elementor-inner-section elementor-element elementor-element-106c6c8d elementor-section-boxed elementor-section-height-default elementor-section-height-default sc_fly_static\" data-id=\"106c6c8d\" data-element_type=\"section\">\n\t\t\t\t\t\t<div class=\"elementor-container elementor-column-gap-no\">\n\t\t\t\t\t<div class=\"elementor-column elementor-col-50 elementor-inner-column elementor-element elementor-element-5afce329 sc_inner_width_none sc_content_align_inherit sc_layouts_column_icons_position_left sc_fly_static\" data-id=\"5afce329\" data-element_type=\"column\">\n\t\t\t<div class=\"elementor-widget-wrap elementor-element-populated\">\n\t\t\t\t\t\t<div class=\"elementor-element elementor-element-28757eb9 sc_fly_static elementor-widget elementor-widget-trx_sc_title\" data-id=\"28757eb9\" data-element_type=\"widget\" data-widget_type=\"trx_sc_title.default\">\n\t\t\t\t<div class=\"elementor-widget-container\">\n\t\t\t<div\t\tclass=\"sc_title sc_title_default\" ><span class=\"sc_item_subtitle sc_title_subtitle sc_item_subtitle_above sc_item_title_style_default\">V\u00eddeo<\/span><h2 class=\"sc_item_title sc_title_title sc_item_title_style_default sc_item_title_tag\"\n\t\t\t><span class=\"sc_item_title_text\">CONOCE A NUESTROS INVERSORES SIN FRONTERAS<\/span><\/h2><\/div>\t\t<\/div>\n\t\t\t\t<\/div>\n\t\t\t\t\t<\/div>\n\t\t<\/div>\n\t\t\t\t<div class=\"elementor-column elementor-col-50 elementor-inner-column elementor-element elementor-element-1210853f sc_inner_width_none sc_content_align_inherit sc_layouts_column_icons_position_left sc_fly_static\" data-id=\"1210853f\" data-element_type=\"column\">\n\t\t\t<div class=\"elementor-widget-wrap elementor-element-populated\">\n\t\t\t\t\t\t<div class=\"elementor-element elementor-element-6f441171 sc_height_small sc_fly_static elementor-widget elementor-widget-spacer\" data-id=\"6f441171\" data-element_type=\"widget\" data-widget_type=\"spacer.default\">\n\t\t\t\t<div class=\"elementor-widget-container\">\n\t\t\t\t\t<div class=\"elementor-spacer\">\n\t\t\t<div class=\"elementor-spacer-inner\"><\/div>\n\t\t<\/div>\n\t\t\t\t<\/div>\n\t\t\t\t<\/div>\n\t\t\t\t<div class=\"elementor-element elementor-element-f6b62d5 sc_fly_static elementor-widget elementor-widget-text-editor\" data-id=\"f6b62d5\" data-element_type=\"widget\" data-widget_type=\"text-editor.default\">\n\t\t\t\t<div class=\"elementor-widget-container\">\n\t\t\t\t\t\t\t<p>Como asesor en gesti\u00f3n patrimonial y ahora especialista en diversificaci\u00f3n de inversiones inmobiliarias, tengo el honor de ser invitado a participar en salones, conferencias y reuniones de inversores en Francia, M\u00e9xico y Espa\u00f1a. Estos eventos me permiten compartir mi experiencia, intercambiar con otros profesionales y ayudar a los inversores a aprovechar las mejores oportunidades, no solo en la Riviera Maya, sino tambi\u00e9n en Dub\u00e1i y Miami. Descubre en video mis intervenciones y \u00fanete a m\u00ed para hacer de tus proyectos inmobiliarios un verdadero \u00e9xito.<\/p>\t\t\t\t\t\t<\/div>\n\t\t\t\t<\/div>\n\t\t\t\t\t<\/div>\n\t\t<\/div>\n\t\t\t\t\t<\/div>\n\t\t<\/section>\n\t\t\t\t<div class=\"elementor-element elementor-element-67159911 sc_fly_static elementor-widget elementor-widget-spacer\" data-id=\"67159911\" data-element_type=\"widget\" data-widget_type=\"spacer.default\">\n\t\t\t\t<div class=\"elementor-widget-container\">\n\t\t\t\t\t<div class=\"elementor-spacer\">\n\t\t\t<div class=\"elementor-spacer-inner\"><\/div>\n\t\t<\/div>\n\t\t\t\t<\/div>\n\t\t\t\t<\/div>\n\t\t\t\t<div class=\"elementor-element elementor-element-9a789db sc_fly_static elementor-widget elementor-widget-trx_widget_slider\" data-id=\"9a789db\" data-element_type=\"widget\" data-widget_type=\"trx_widget_slider.default\">\n\t\t\t\t<div class=\"elementor-widget-container\">\n\t\t\t<div class=\"widget_area sc_widget_slider\"><aside class=\"widget widget_slider\">\t\t\t<div class=\"slider_wrap slider_engine_swiper\">\n\t\t\t\t<div class=\"slider_outer slider_swiper_outer slider_style_default slider_source_custom slider_outer_direction_horizontal slider_outer_multi slider_outer_nopagination slider_outer_controls slider_outer_controls_bottom slider_outer_nocentered slider_outer_overflow_visible slider_outer_notitles slider_outer_height_auto\"><div class=\"slider_container slider_swiper swiper-slider-container slider_direction_horizontal slider_nopagination slider_multi slider_type_images slider_controls slider_controls_bottom slider_nocentered slider_overflow_visible slider_notitles slider_noresize slider_swipe slider_height_auto\" data-interval=\"7000\" data-speed=\"600\" data-effect=\"slide\" data-pagination=\"bullets\" data-direction=\"horizontal\" data-slides-per-view=\"3\" data-slides-space=\"60\" data-slides-parallax=\"0\" data-slides-centered=\"0\" data-slides-overflow=\"1\" data-mouse-wheel=\"0\" data-autoplay=\"1\" data-loop=\"1\" data-free-mode=\"0\" data-slides-min-width=\"220\"><div class=\"slider-wrapper swiper-wrapper\"><div  class=\"slider-slide swiper-slide\" data-image=\"\/\/danaguado.com\/wp-content\/uploads\/2024\/09\/Je-presente-au-salon-patrimonia-a-Lyon-1.jpeg\" style=\"\"><img decoding=\"async\" src=\"\/\/danaguado.com\/wp-content\/uploads\/2024\/09\/Je-presente-au-salon-patrimonia-a-Lyon-1.jpeg\" alt=\"\"><div id=\"sc_video_351621193\" class=\"trx_addons_video_player with_cover hover_play\"><div class=\"video_mask\"><\/div><div class=\"video_hover\" data-video=\"&lt;iframe allow=&quot;autoplay&quot; src=&quot;https:\/\/player.vimeo.com\/video\/997498316?autoplay=1&quot; width=&quot;840&quot; height=&quot;473&quot;&gt;&lt;\/iframe&gt;\"><\/div><div class=\"video_embed video_frame\"><\/div><\/div><\/div><div  class=\"slider-slide swiper-slide\" data-image=\"\/\/danaguado.com\/wp-content\/uploads\/2024\/09\/conference-a-marseille-1.jpeg\" style=\"\"><img decoding=\"async\" src=\"\/\/danaguado.com\/wp-content\/uploads\/2024\/09\/conference-a-marseille-1.jpeg\" alt=\"\"><div id=\"sc_video_1174650682\" class=\"trx_addons_video_player with_cover hover_play\"><div class=\"video_mask\"><\/div><div class=\"video_hover\" data-video=\"&lt;iframe allow=&quot;autoplay&quot; src=&quot;https:\/\/player.vimeo.com\/video\/997498301?share=copy&amp;autoplay=1&quot; width=&quot;840&quot; height=&quot;473&quot;&gt;&lt;\/iframe&gt;\"><\/div><div class=\"video_embed video_frame\"><\/div><\/div><\/div><div  class=\"slider-slide swiper-slide\" data-image=\"\/\/danaguado.com\/wp-content\/uploads\/2024\/09\/conference-a-montpellier-1.jpeg\" style=\"\"><img decoding=\"async\" src=\"\/\/danaguado.com\/wp-content\/uploads\/2024\/09\/conference-a-montpellier-1.jpeg\" alt=\"\"><div id=\"sc_video_257809475\" class=\"trx_addons_video_player with_cover hover_play\"><div class=\"video_mask\"><\/div><div class=\"video_hover\" data-video=\"&lt;iframe allow=&quot;autoplay&quot; src=&quot;https:\/\/player.vimeo.com\/video\/997498282?share=copy&amp;autoplay=1&quot; width=&quot;840&quot; height=&quot;473&quot;&gt;&lt;\/iframe&gt;\"><\/div><div class=\"video_embed video_frame\"><\/div><\/div><\/div><div  class=\"slider-slide swiper-slide\" data-image=\"\/\/danaguado.com\/wp-content\/uploads\/2024\/09\/conference-a-toulouse-1.jpeg\" style=\"\"><img decoding=\"async\" src=\"\/\/danaguado.com\/wp-content\/uploads\/2024\/09\/conference-a-toulouse-1.jpeg\" alt=\"\"><div id=\"sc_video_1961099960\" class=\"trx_addons_video_player with_cover hover_play\"><div class=\"video_mask\"><\/div><div class=\"video_hover\" data-video=\"&lt;iframe allow=&quot;autoplay&quot; src=&quot;https:\/\/player.vimeo.com\/video\/997498264?share=copy&amp;autoplay=1&quot; width=&quot;840&quot; height=&quot;473&quot;&gt;&lt;\/iframe&gt;\"><\/div><div class=\"video_embed video_frame\"><\/div><\/div><\/div><div  class=\"slider-slide swiper-slide\" data-image=\"\/\/danaguado.com\/wp-content\/uploads\/2024\/09\/je-presente-a-madrid-1.jpeg\" style=\"\"><img decoding=\"async\" src=\"\/\/danaguado.com\/wp-content\/uploads\/2024\/09\/je-presente-a-madrid-1.jpeg\" alt=\"\"><div id=\"sc_video_715703759\" class=\"trx_addons_video_player with_cover hover_play\"><div class=\"video_mask\"><\/div><div class=\"video_hover\" data-video=\"&lt;iframe allow=&quot;autoplay&quot; src=&quot;https:\/\/player.vimeo.com\/video\/997498243?share=copy&amp;autoplay=1&quot; width=&quot;840&quot; height=&quot;473&quot;&gt;&lt;\/iframe&gt;\"><\/div><div class=\"video_embed video_frame\"><\/div><\/div><\/div><\/div><\/div><div class=\"slider_controls_wrap\"><a class=\"slider_prev swiper-button-prev\" href=\"#\"><\/a><a class=\"slider_next swiper-button-next\" href=\"#\"><\/a><\/div><\/div>\t\t\t<\/div>\n\t\t\t<\/aside><\/div>\t\t<\/div>\n\t\t\t\t<\/div>\n\t\t\t\t\t<\/div>\n\t\t<\/div>\n\t\t\t\t\t<\/div>\n\t\t<\/section>\n\t\t\t\t<section class=\"elementor-section elementor-inner-section elementor-element elementor-element-248bf35d scheme_dark elementor-section-boxed elementor-section-height-default elementor-section-height-default sc_fly_static\" data-id=\"248bf35d\" data-element_type=\"section\" data-settings=\"{&quot;background_background&quot;:&quot;classic&quot;}\">\n\t\t\t\t\t\t<div class=\"elementor-container elementor-column-gap-extended\">\n\t\t\t\t\t<div class=\"elementor-column elementor-col-33 elementor-inner-column elementor-element elementor-element-3e4073f0 sc_inner_width_none sc_content_align_inherit sc_layouts_column_icons_position_left sc_fly_static\" data-id=\"3e4073f0\" data-element_type=\"column\">\n\t\t\t<div class=\"elementor-widget-wrap elementor-element-populated\">\n\t\t\t\t\t\t<div class=\"elementor-element elementor-element-2e1a6951 elementor-widget__width-initial rentabilidad sc_fly_static elementor-widget elementor-widget-trx_sc_title\" data-id=\"2e1a6951\" data-element_type=\"widget\" data-widget_type=\"trx_sc_title.default\">\n\t\t\t\t<div class=\"elementor-widget-container\">\n\t\t\t<div\t\tclass=\"sc_title sc_title_default\" ><span class=\"sc_item_subtitle sc_title_subtitle sc_item_subtitle_above sc_item_title_style_default sc_item_subtitle_with_custom_color trx_addons_inline_534401981\">UN NUEVO MUNDO DE RENTABILIDAD<\/span><h2 class=\"sc_item_title sc_title_title sc_item_title_style_default sc_item_title_tag\"\n\t\t\t><span class=\"sc_item_title_text\">Te invitamos a hacer este viaje juntos donde te guiaremos hasta este nuevo mundo de la rentabilidad con un proceso 100% seguro para ti y con unas ganancias seguras en el mercado.<\/span><\/h2><\/div>\t\t<\/div>\n\t\t\t\t<\/div>\n\t\t\t\t\t<\/div>\n\t\t<\/div>\n\t\t\t\t<div class=\"elementor-column elementor-col-66 elementor-inner-column elementor-element elementor-element-416f074e sc_inner_width_none sc_content_align_inherit sc_layouts_column_icons_position_left sc_fly_static\" data-id=\"416f074e\" data-element_type=\"column\">\n\t\t\t<div class=\"elementor-widget-wrap elementor-element-populated\">\n\t\t\t\t\t\t<div class=\"elementor-element elementor-element-c51eff8 sc_fly_static elementor-widget elementor-widget-spacer\" data-id=\"c51eff8\" data-element_type=\"widget\" data-widget_type=\"spacer.default\">\n\t\t\t\t<div class=\"elementor-widget-container\">\n\t\t\t\t\t<div class=\"elementor-spacer\">\n\t\t\t<div class=\"elementor-spacer-inner\"><\/div>\n\t\t<\/div>\n\t\t\t\t<\/div>\n\t\t\t\t<\/div>\n\t\t\t\t<div class=\"elementor-element elementor-element-2cc6dff sc_fly_static elementor-widget elementor-widget-trx_sc_icons\" data-id=\"2cc6dff\" data-element_type=\"widget\" data-widget_type=\"trx_sc_icons.default\">\n\t\t\t\t<div class=\"elementor-widget-container\">\n\t\t\t<div \tclass=\"sc_icons color_style_dark sc_icons_default sc_icons_size_large sc_align_left\" ><div class=\"sc_icons_columns_wrap sc_item_columns trx_addons_columns_wrap columns_padding_bottom columns_in_single_row\" ><div class=\"trx_addons_column-1_2\"><div class=\"sc_icons_item with_more\"><div class=\"sc_icons_item_details\"><div class=\"sc_icons_item_description\"><span>\u00a1Aqu\u00ed en M\u00e9xico, obtendr\u00e1s la rentabilidad que no podr\u00edas alcanzar en tu pa\u00eds de origen!<\/span><\/div><\/div><\/div><\/div><div class=\"trx_addons_column-1_2\"><div class=\"sc_icons_item with_more\"><div class=\"sc_icons_item_details\"><div class=\"sc_icons_item_description\"><span>\u00bfListo para dar el primer paso hacia tu inversi\u00f3n inmobiliaria y crecer tu patrimonio de manera segura y rentable?<\/span><\/div><\/div><\/div><\/div><\/div><\/div><!-- \/.sc_icons -->\t\t<\/div>\n\t\t\t\t<\/div>\n\t\t\t\t\t<\/div>\n\t\t<\/div>\n\t\t\t\t\t<\/div>\n\t\t<\/section>\n\t\t\t\t<section class=\"elementor-section elementor-top-section elementor-element elementor-element-3fa1fb96 elementor-section-boxed elementor-section-height-default elementor-section-height-default sc_fly_static\" data-id=\"3fa1fb96\" data-element_type=\"section\" data-settings=\"{&quot;background_background&quot;:&quot;classic&quot;}\">\n\t\t\t\t\t\t\t<div class=\"elementor-background-overlay\"><\/div>\n\t\t\t\t\t\t\t<div class=\"elementor-container elementor-column-gap-extended\">\n\t\t\t\t\t<div class=\"elementor-column elementor-col-100 elementor-top-column elementor-element elementor-element-3e442ef3 sc_inner_width_none sc_content_align_inherit sc_layouts_column_icons_position_left sc_fly_static\" data-id=\"3e442ef3\" data-element_type=\"column\">\n\t\t\t<div class=\"elementor-widget-wrap elementor-element-populated\">\n\t\t\t\t\t\t<div class=\"elementor-element elementor-element-18052b0e sc_fly_static elementor-widget elementor-widget-heading\" data-id=\"18052b0e\" data-element_type=\"widget\" data-widget_type=\"heading.default\">\n\t\t\t\t<div class=\"elementor-widget-container\">\n\t\t\t<h2 class=\"elementor-heading-title elementor-size-default\">Agenda tu cita con nosotros ahora<\/h2>\t\t<\/div>\n\t\t\t\t<\/div>\n\t\t\t\t<div class=\"elementor-element elementor-element-337e6f6d elementor-align-center sc_fly_static elementor-widget elementor-widget-button\" data-id=\"337e6f6d\" data-element_type=\"widget\" data-widget_type=\"button.default\">\n\t\t\t\t<div class=\"elementor-widget-container\">\n\t\t\t\t\t\t\t<div class=\"elementor-button-wrapper\">\n\t\t\t\t\t<a class=\"elementor-button elementor-button-link elementor-size-sm\" href=\"https:\/\/landing.danaguado.com\/calendario\">\n\t\t\t\t\t\t<span class=\"elementor-button-content-wrapper\">\n\t\t\t\t\t\t\t\t\t<span class=\"elementor-button-text\">Agendar Cita<\/span>\n\t\t\t\t\t<\/span>\n\t\t\t\t\t<\/a>\n\t\t\t\t<\/div>\n\t\t\t\t\t\t<\/div>\n\t\t\t\t<\/div>\n\t\t\t\t\t<\/div>\n\t\t<\/div>\n\t\t\t\t\t<\/div>\n\t\t<\/section>\n\t\t\t\t<\/div>\n\t\t","protected":false},"excerpt":{"rendered":"<p>V\u00eddeo CONOCE A NUESTROS INVERSORES SIN FRONTERAS Como asesor en gesti\u00f3n patrimonial y ahora especialista en diversificaci\u00f3n de inversiones inmobiliarias, tengo el honor de ser invitado a participar en salones,&hellip;<\/p>\n","protected":false},"author":1,"featured_media":0,"parent":0,"menu_order":0,"comment_status":"closed","ping_status":"closed","template":"","meta":{"_monsterinsights_skip_tracking":false,"_monsterinsights_sitenote_active":false,"_monsterinsights_sitenote_note":"","_monsterinsights_sitenote_category":0,"footnotes":""},"class_list":["post-22731","page","type-page","status-publish","hentry"],"aioseo_notices":[],"_links":{"self":[{"href":"https:\/\/danaguado.com\/es\/wp-json\/wp\/v2\/pages\/22731","targetHints":{"allow":["GET"]}}],"collection":[{"href":"https:\/\/danaguado.com\/es\/wp-json\/wp\/v2\/pages"}],"about":[{"href":"https:\/\/danaguado.com\/es\/wp-json\/wp\/v2\/types\/page"}],"author":[{"embeddable":true,"href":"https:\/\/danaguado.com\/es\/wp-json\/wp\/v2\/users\/1"}],"replies":[{"embeddable":true,"href":"https:\/\/danaguado.com\/es\/wp-json\/wp\/v2\/comments?post=22731"}],"version-history":[{"count":38,"href":"https:\/\/danaguado.com\/es\/wp-json\/wp\/v2\/pages\/22731\/revisions"}],"predecessor-version":[{"id":23562,"href":"https:\/\/danaguado.com\/es\/wp-json\/wp\/v2\/pages\/22731\/revisions\/23562"}],"wp:attachment":[{"href":"https:\/\/danaguado.com\/es\/wp-json\/wp\/v2\/media?parent=22731"}],"curies":[{"name":"wp","href":"https:\/\/api.w.org\/{rel}","templated":true}]}}